{"id":282,"date":"2020-01-15T14:53:28","date_gmt":"2020-01-15T06:53:28","guid":{"rendered":"https:\/\/nav.iowen.cn\/?page_id=282"},"modified":"2025-07-03T23:31:04","modified_gmt":"2025-07-03T15:31:04","slug":"about","status":"publish","type":"page","link":"https:\/\/aifreenav.com\/fi\/about","title":{"rendered":"Tietoa | Tietoa"},"content":{"rendered":"<p><\/p>\n\n\n\n<p>Voittoa tavoittelematon verkkosuunnitteluportaalisivusto, jonka tavoitteena on luoda galleriasivusto, jota on helppo katsella, jota on helppo k\u00e4ytt\u00e4\u00e4 ja jota on ilo k\u00e4ytt\u00e4\u00e4, ja jonka voi tarjota vain my\u00f6h\u00e4isher\u00e4nn\u00e4inen.<br>Sit\u00e4 on helppo k\u00e4ytt\u00e4\u00e4 tietosuunnittelun viitteen\u00e4, ja verkkosuunnittelijoiden on helppo viitata siihen kentt\u00e4tasolla,<br>Luettelossa on valikoima sivustoja, joilla on pitk\u00e4, oikeaoppinen pystysuora ulkoasu ja eritt\u00e4in hyv\u00e4 suunnittelu.<br>Jos sinulla on valituksia, jos jokin osa on hankala k\u00e4ytt\u00e4\u00e4 tai buginen tai jos sinulla on luokkia tai tunnisteita, jotka haluaisit n\u00e4hd\u00e4, ota meihin yhteytt\u00e4 s\u00e4hk\u00f6postitse.<\/p>\n\n\n\n<p>*Emme ota vastaan julkaisupyynt\u00f6j\u00e4 tms., sill\u00e4 olisimme pahoillamme, jos emme voisi julkaista niit\u00e4.<br>*Vertikaalinen ei tarkoita kokoelmaa aloitussivuja. Pahoittelut mahdollisista v\u00e4\u00e4rink\u00e4sityksist\u00e4.<\/p>\n\n\n\n<p>S\u00e4hk\u00f6posti: a1029281064@gmail.com<\/p>\n\n\n\n<p>Web:<a href=\"http:\/\/aifreenav.com\/fi\/\" data-type=\"link\" data-id=\"aifreenav.com\" target=\"_blank\"  rel=\"nofollow\" >aifreenav.com.<\/a><\/p>\n\n\n\n<p><\/p>\n\n\n\n<p>Tulevaisuudessa tarjoamme verkkosivuston ohjeiden katselua, k\u00e4ytt\u00f6\u00e4, tallentamista ja k\u00e4ytt\u00f6\u00e4 varten sek\u00e4 verkkosivuston muita kuin liiketoimintatarkoituksia varten.<br>Tietojen suunnittelu<br>On my\u00f6s mahdollista valita ja n\u00e4ytt\u00e4\u00e4 pitk\u00e4aikaisia ratkaisuja ja tarjota erinomaisia palveluja yleisimmille digitaalisille laitteille.<br>Verkkosivuston ja verkkosivuston v\u00e4lill\u00e4 on linkki, verkkosivusto<\/p>\n\n\n\n<p>Toivomme voivamme ilmaista toiveemme ja toivomuksemme.<br>Tutkimus on keskell\u00e4 vuorta.<\/p>\n\n\n\n<p>S\u00e4hk\u00f6posti: a1029281064@gmail.com<\/p>\n\n\n\n<p>Web:<a href=\"http:\/\/aifreenav.com\/fi\/\" data-type=\"link\" data-id=\"aifreenav.com\" target=\"_blank\"  rel=\"nofollow\" >aifreenav.com.<\/a><\/p>","protected":false},"excerpt":{"rendered":"<p>\u5f8c\u767a\u306a\u3089\u3067\u306f\u306e\u898b\u3084\u3059\u3055\u3001\u4f7f\u3044\u3084\u3059\u3055\u3001\u8f09\u3063\u3066\u5b09\u3057\u3044\u30ae\u30e3\u30e9\u30ea\u30fc\u30b5\u30a4\u30c8\u3092\u76ee\u6307\u3057\u3066\u904b\u55b6\u3057\u3066\u3044\u308b\u3001\u975e\u55b6\u5229\u76ee\u7684\u306eWEB\u30c7\u30b6 [&hellip;]<\/p>","protected":false},"author":1,"featured_media":0,"parent":0,"menu_order":0,"comment_status":"closed","ping_status":"closed","template":"","meta":{"footnotes":""},"class_list":["post-282","page","type-page","status-publish","hentry"],"_links":{"self":[{"href":"https:\/\/aifreenav.com\/fi\/wp-json\/wp\/v2\/pages\/282","targetHints":{"allow":["GET"]}}],"collection":[{"href":"https:\/\/aifreenav.com\/fi\/wp-json\/wp\/v2\/pages"}],"about":[{"href":"https:\/\/aifreenav.com\/fi\/wp-json\/wp\/v2\/types\/page"}],"author":[{"embeddable":true,"href":"https:\/\/aifreenav.com\/fi\/wp-json\/wp\/v2\/users\/1"}],"replies":[{"embeddable":true,"href":"https:\/\/aifreenav.com\/fi\/wp-json\/wp\/v2\/comments?post=282"}],"version-history":[{"count":0,"href":"https:\/\/aifreenav.com\/fi\/wp-json\/wp\/v2\/pages\/282\/revisions"}],"wp:attachment":[{"href":"https:\/\/aifreenav.com\/fi\/wp-json\/wp\/v2\/media?parent=282"}],"curies":[{"name":"wp","href":"https:\/\/api.w.org\/{rel}","templated":true}]}}